{"id":7221,"date":"2023-01-21T11:00:50","date_gmt":"2023-01-21T10:00:50","guid":{"rendered":"http:\/\/badhotelbruin.nl\/cafe-bruintje-vlieland\/"},"modified":"2026-02-27T12:49:02","modified_gmt":"2026-02-27T11:49:02","slug":"cafe-bruintje-vlieland","status":"publish","type":"page","link":"https:\/\/badhotelbruin.nl\/en\/cafe-bruintje-vlieland\/","title":{"rendered":"Caf\u00e9 Bruintje Vlieland"},"content":{"rendered":"\t\t<div data-elementor-type=\"wp-page\" data-elementor-id=\"7221\" class=\"elementor elementor-7221 elementor-5916\" data-elementor-post-type=\"page\">\n\t\t\t\t\t\t<section class=\"elementor-section elementor-top-section elementor-element elementor-element-3d82477 elementor-section-full_width qodef-elementor-content-grid elementor-section-height-default elementor-section-height-default\" data-id=\"3d82477\" data-element_type=\"section\">\n\t\t\t\t\t\t<div class=\"elementor-container elementor-column-gap-default\">\n\t\t\t\t\t<div class=\"elementor-column elementor-col-100 elementor-top-column elementor-element elementor-element-b0eac51\" data-id=\"b0eac51\" data-element_type=\"column\">\n\t\t\t<div class=\"elementor-widget-wrap elementor-element-populated\">\n\t\t\t\t\t\t<div class=\"elementor-element elementor-element-dbccf4a elementor-widget elementor-widget-alloggio_core_section_title\" data-id=\"dbccf4a\" data-element_type=\"widget\" data-widget_type=\"alloggio_core_section_title.default\">\n\t\t\t\t<div class=\"elementor-widget-container\">\n\t\t\t\t\t<div class=\"qodef-shortcode qodef-m qodef-section-title qodef-alignment--center\">\n\t\t<h2 class=\"qodef-m-title\" >\n\t\t\t\t\tA caf\u00e9 in the heart of Vlieland\t\t\t<\/h2>\n\t<\/div>\t\t\t\t<\/div>\n\t\t\t\t<\/div>\n\t\t\t\t<div class=\"elementor-element elementor-element-e305f1d elementor-widget elementor-widget-text-editor\" data-id=\"e305f1d\" data-element_type=\"widget\" data-widget_type=\"text-editor.default\">\n\t\t\t\t<div class=\"elementor-widget-container\">\n\t\t\t\t\t\t\t\t\t<p>Caf\u00e9 Bruintje is the informal caf\u00e9 of Badhotel Bruin, located on the Dorpsstraat in Oost Vlieland. The caf\u00e9 is directly connected to the hotel and offers an accessible place where both hotel guests and visitors can enjoy a drink in a relaxed setting.<br \/><br \/>During weekends and holiday periods, Caf\u00e9 Bruintje is open for an aperitif, a glass of wine, or a carefully selected beer. The atmosphere reflects the character of the island, with a focus on simplicity, quality, and personal service.<\/p>\t\t\t\t\t\t\t\t<\/div>\n\t\t\t\t<\/div>\n\t\t\t\t<div class=\"elementor-element elementor-element-b1121b0 elementor-widget elementor-widget-alloggio_core_section_title\" data-id=\"b1121b0\" data-element_type=\"widget\" data-widget_type=\"alloggio_core_section_title.default\">\n\t\t\t\t<div class=\"elementor-widget-container\">\n\t\t\t\t\t<div class=\"qodef-shortcode qodef-m qodef-section-title qodef-alignment--center\">\n\t\t<h2 class=\"qodef-m-title\" >\n\t\t\t\t\tDrinks, beers and casual moments\t\t\t<\/h2>\n\t<\/div>\t\t\t\t<\/div>\n\t\t\t\t<\/div>\n\t\t\t\t<div class=\"elementor-element elementor-element-028e63c elementor-widget elementor-widget-text-editor\" data-id=\"028e63c\" data-element_type=\"widget\" data-widget_type=\"text-editor.default\">\n\t\t\t\t<div class=\"elementor-widget-container\">\n\t\t\t\t\t\t\t\t\t<p>Caf\u00e9 Bruintje focuses on a clear and well-balanced selection of drinks that suit different moments of the day.<\/p><ul><li>A range of Dutch and local beers, including island beers<\/li><li>Classic cocktails and premium spirits<\/li><li>Wines and non-alcoholic options<\/li><li>Coffee and warm drinks<\/li><\/ul><p>Guests can also enjoy drinks and small bites in the caf\u00e9, making it a natural stop after a day exploring the island.<\/p>\t\t\t\t\t\t\t\t<\/div>\n\t\t\t\t<\/div>\n\t\t\t\t<div class=\"elementor-element elementor-element-49ee15c elementor-widget elementor-widget-alloggio_core_section_title\" data-id=\"49ee15c\" data-element_type=\"widget\" data-widget_type=\"alloggio_core_section_title.default\">\n\t\t\t\t<div class=\"elementor-widget-container\">\n\t\t\t\t\t<div class=\"qodef-shortcode qodef-m qodef-section-title qodef-alignment--center\">\n\t\t<h2 class=\"qodef-m-title\" >\n\t\t\t\t\tVinyl evenings and music\t\t\t<\/h2>\n\t<\/div>\t\t\t\t<\/div>\n\t\t\t\t<\/div>\n\t\t\t\t<div class=\"elementor-element elementor-element-bcaf925 elementor-widget elementor-widget-text-editor\" data-id=\"bcaf925\" data-element_type=\"widget\" data-widget_type=\"text-editor.default\">\n\t\t\t\t<div class=\"elementor-widget-container\">\n\t\t\t\t\t\t\t\t\t<p>Caf\u00e9 Bruintje has a strong connection to music, which plays an important role in the overall experience.<\/p><p>On Fridays, guests are welcome to bring their own vinyl records. On Saturdays, records are played between 5:00 PM and 8:00 PM.<\/p>\t\t\t\t\t\t\t\t<\/div>\n\t\t\t\t<\/div>\n\t\t\t\t\t<\/div>\n\t\t<\/div>\n\t\t\t\t\t<\/div>\n\t\t<\/section>\n\t\t\t\t<section class=\"elementor-section elementor-top-section elementor-element elementor-element-66a6771 elementor-section-boxed elementor-section-height-default elementor-section-height-default qodef-elementor-content-no\" data-id=\"66a6771\" data-element_type=\"section\">\n\t\t\t\t\t\t<div class=\"elementor-container elementor-column-gap-default\">\n\t\t\t\t\t<div class=\"elementor-column elementor-col-100 elementor-top-column elementor-element elementor-element-2fe2199\" data-id=\"2fe2199\" data-element_type=\"column\">\n\t\t\t<div class=\"elementor-widget-wrap elementor-element-populated\">\n\t\t\t\t\t\t<div class=\"elementor-element elementor-element-c08bb1a elementor-widget__width-auto elementor-widget elementor-widget-alloggio_core_banner\" data-id=\"c08bb1a\" data-element_type=\"widget\" data-widget_type=\"alloggio_core_banner.default\">\n\t\t\t\t<div class=\"elementor-widget-container\">\n\t\t\t\t\t<div class=\"qodef-shortcode qodef-m qodef-banner qodef-layout--link-overlay qodef--has-button\">\n\t<div class=\"qodef-m-image\">\n\t<img fetchpriority=\"high\" decoding=\"async\" width=\"1024\" height=\"683\" src=\"https:\/\/badhotelbruin.nl\/wp-content\/uploads\/2023\/05\/169-lvffood.com-4200-20-20230325.jpg\" class=\"attachment-full size-full\" alt=\"\" srcset=\"https:\/\/badhotelbruin.nl\/wp-content\/uploads\/2023\/05\/169-lvffood.com-4200-20-20230325.jpg 1024w, https:\/\/badhotelbruin.nl\/wp-content\/uploads\/2023\/05\/169-lvffood.com-4200-20-20230325-300x200.jpg 300w, https:\/\/badhotelbruin.nl\/wp-content\/uploads\/2023\/05\/169-lvffood.com-4200-20-20230325-768x512.jpg 768w, https:\/\/badhotelbruin.nl\/wp-content\/uploads\/2023\/05\/169-lvffood.com-4200-20-20230325-18x12.jpg 18w\" sizes=\"(max-width: 1024px) 100vw, 1024px\" \/>\t<a itemprop=\"url\" href=\"http:\/\/badhotelbruin.nl\/wp-content\/uploads\/2023\/05\/BB23-menukaart-Bistro-Bruintje-bruin.pdf\" class=\"qodef-m-banner-link\" target=\"_blank\"><\/a>\n<\/div>\t<div class=\"qodef-m-content\">\n\t\t<div class=\"qodef-m-content-inner\" >\n\t\t\t<div class=\"qodef-m-content-inner-background\" ><\/div>\n\t\t\t<div class=\"qodef-m-content-inner-holder\">\n\t\t\t\t\t<h2 class=\"qodef-m-title\" >Bruintje<\/h2>\n\t\t\t\t\t\t\t\t\t<div class=\"qodef-m-button\">\n\t\t<a class=\"qodef-shortcode qodef-m qodef-button qodef-layout--filled qodef-html--link\" href=\"http:\/\/badhotelbruin.nl\/wp-content\/uploads\/2023\/05\/BB23-menukaart-Bistro-Bruintje-bruin.pdf\" target=\"_blank\"  >\t<span class=\"qodef-m-text\">Menu<\/span>\t<span class=\"qodef-m-background-holder\" ><\/span><\/a>\t<\/div>\n\t\t\t\t<a itemprop=\"url\" href=\"http:\/\/badhotelbruin.nl\/wp-content\/uploads\/2023\/05\/BB23-menukaart-Bistro-Bruintje-bruin.pdf\" class=\"qodef-m-banner-link\" target=\"_blank\"><\/a>\n\t\t\t<\/div>\n\t\t\t<a itemprop=\"url\" href=\"http:\/\/badhotelbruin.nl\/wp-content\/uploads\/2023\/05\/BB23-menukaart-Bistro-Bruintje-bruin.pdf\" class=\"qodef-m-banner-link\" target=\"_blank\"><\/a>\n\t\t<\/div>\n\t<\/div>\n<\/div>\n\t\t\t\t<\/div>\n\t\t\t\t<\/div>\n\t\t\t\t\t<\/div>\n\t\t<\/div>\n\t\t\t\t\t<\/div>\n\t\t<\/section>\n\t\t\t\t<section class=\"elementor-section elementor-top-section elementor-element elementor-element-23e0ef4 elementor-section-full_width qodef-elementor-content-grid elementor-section-height-default elementor-section-height-default\" data-id=\"23e0ef4\" data-element_type=\"section\">\n\t\t\t\t\t\t<div class=\"elementor-container elementor-column-gap-default\">\n\t\t\t\t\t<div class=\"elementor-column elementor-col-100 elementor-top-column elementor-element elementor-element-9488b35\" data-id=\"9488b35\" data-element_type=\"column\">\n\t\t\t<div class=\"elementor-widget-wrap elementor-element-populated\">\n\t\t\t\t\t\t<div class=\"elementor-element elementor-element-8bf8123 elementor-widget elementor-widget-alloggio_core_section_title\" data-id=\"8bf8123\" data-element_type=\"widget\" data-widget_type=\"alloggio_core_section_title.default\">\n\t\t\t\t<div class=\"elementor-widget-container\">\n\t\t\t\t\t<div class=\"qodef-shortcode qodef-m qodef-section-title qodef-alignment--center\">\n\t\t<h2 class=\"qodef-m-title\" >\n\t\t\t\t\tA meeting place on the island\t\t\t<\/h2>\n\t<\/div>\t\t\t\t<\/div>\n\t\t\t\t<\/div>\n\t\t\t\t<div class=\"elementor-element elementor-element-c4f205d elementor-widget elementor-widget-text-editor\" data-id=\"c4f205d\" data-element_type=\"widget\" data-widget_type=\"text-editor.default\">\n\t\t\t\t<div class=\"elementor-widget-container\">\n\t\t\t\t\t\t\t\t\t<p>Caf\u00e9 Bruintje functions as a shared space for different types of visitors. Hotel guests, day visitors, and residents of Vlieland come together here for a drink or a short break.<\/p><p><br \/>Its location on the Dorpsstraat places it at the center of island life, within walking distance of the ferry and other key locations.<\/p>\t\t\t\t\t\t\t\t<\/div>\n\t\t\t\t<\/div>\n\t\t\t\t<section class=\"elementor-section elementor-inner-section elementor-element elementor-element-2a549f8 elementor-section-boxed elementor-section-height-default elementor-section-height-default qodef-elementor-content-no\" data-id=\"2a549f8\" data-element_type=\"section\">\n\t\t\t\t\t\t<div class=\"elementor-container elementor-column-gap-default\">\n\t\t\t\t\t<div class=\"elementor-column elementor-col-50 elementor-inner-column elementor-element elementor-element-d1aba3f\" data-id=\"d1aba3f\" data-element_type=\"column\">\n\t\t\t<div class=\"elementor-widget-wrap elementor-element-populated\">\n\t\t\t\t\t\t<div class=\"elementor-element elementor-element-b734458 elementor-widget elementor-widget-alloggio_core_section_title\" data-id=\"b734458\" data-element_type=\"widget\" data-widget_type=\"alloggio_core_section_title.default\">\n\t\t\t\t<div class=\"elementor-widget-container\">\n\t\t\t\t\t<div class=\"qodef-shortcode qodef-m qodef-section-title qodef-alignment--left\">\n\t\t<h2 class=\"qodef-m-title\" >\n\t\t\t\t\tGroups and informal gatherings\t\t\t<\/h2>\n\t<\/div>\t\t\t\t<\/div>\n\t\t\t\t<\/div>\n\t\t\t\t<div class=\"elementor-element elementor-element-288660f elementor-widget elementor-widget-text-editor\" data-id=\"288660f\" data-element_type=\"widget\" data-widget_type=\"text-editor.default\">\n\t\t\t\t<div class=\"elementor-widget-container\">\n\t\t\t\t\t\t\t\t\t<p>The caf\u00e9 can also be used for small groups and informal gatherings. This includes family weekends, small celebrations, or business-related visits.<\/p><p>The scale of the space keeps the atmosphere personal and suitable for smaller groups.<\/p>\t\t\t\t\t\t\t\t<\/div>\n\t\t\t\t<\/div>\n\t\t\t\t\t<\/div>\n\t\t<\/div>\n\t\t\t\t<div class=\"elementor-column elementor-col-50 elementor-inner-column elementor-element elementor-element-8d8e3be\" data-id=\"8d8e3be\" data-element_type=\"column\">\n\t\t\t<div class=\"elementor-widget-wrap elementor-element-populated\">\n\t\t\t\t\t\t<div class=\"elementor-element elementor-element-6dd9e6f elementor-widget elementor-widget-alloggio_core_section_title\" data-id=\"6dd9e6f\" data-element_type=\"widget\" data-widget_type=\"alloggio_core_section_title.default\">\n\t\t\t\t<div class=\"elementor-widget-container\">\n\t\t\t\t\t<div class=\"qodef-shortcode qodef-m qodef-section-title qodef-alignment--left\">\n\t\t<h2 class=\"qodef-m-title\" >\n\t\t\t\t\tPractical information\t\t\t<\/h2>\n\t<\/div>\t\t\t\t<\/div>\n\t\t\t\t<\/div>\n\t\t\t\t<div class=\"elementor-element elementor-element-cc2180c elementor-widget elementor-widget-text-editor\" data-id=\"cc2180c\" data-element_type=\"widget\" data-widget_type=\"text-editor.default\">\n\t\t\t\t<div class=\"elementor-widget-container\">\n\t\t\t\t\t\t\t\t\t<p><b>Location<\/b><br \/>Dorpsstraat 88<br \/>8899 AL Vlieland<br \/>The Netherlands \ufffc<\/p><p>Caf\u00e9 Bruintje is part of Badhotel Bruin, a boutique hotel with a history of more than 150 years on the island.<\/p><p><b>Opening times<\/b><br \/>Open during weekends and holiday periods<br \/>Availability may vary depending on the season<\/p>\t\t\t\t\t\t\t\t<\/div>\n\t\t\t\t<\/div>\n\t\t\t\t\t<\/div>\n\t\t<\/div>\n\t\t\t\t\t<\/div>\n\t\t<\/section>\n\t\t\t\t\t<\/div>\n\t\t<\/div>\n\t\t\t\t\t<\/div>\n\t\t<\/section>\n\t\t\t\t<\/div>\n\t\t","protected":false},"excerpt":{"rendered":"<p>A caf\u00e9 in the heart of Vlieland Caf\u00e9 Bruintje is the informal caf\u00e9 of Badhotel Bruin, located on the Dorpsstraat in Oost Vlieland. The caf\u00e9 is directly connected to the hotel and offers an accessible place where both hotel guests and visitors can enjoy a drink in a relaxed setting. During weekends and holiday periods, [&hellip;]<\/p>\n","protected":false},"author":3,"featured_media":11853,"parent":0,"menu_order":450,"comment_status":"closed","ping_status":"closed","template":"page-full-width.php","meta":{"footnotes":""},"class_list":["post-7221","page","type-page","status-publish","has-post-thumbnail","hentry"],"yoast_head":"<!-- This site is optimized with the Yoast SEO plugin v27.2 - https:\/\/yoast.com\/product\/yoast-seo-wordpress\/ -->\n<title>Caf\u00e9 Bruintje Vlieland | Bar at Badhotel Bruin<\/title>\n<meta name=\"description\" content=\"Looking for a bar in Vlieland. Visit Caf\u00e9 Bruintje for local beers, cocktails and vinyl evenings in a relaxed setting on the Dorpsstraat.\" \/>\n<meta name=\"robots\" content=\"index, follow, max-snippet:-1, max-image-preview:large, max-video-preview:-1\" \/>\n<link rel=\"canonical\" href=\"https:\/\/badhotelbruin.nl\/en\/cafe-bruintje-vlieland\/\" \/>\n<meta property=\"og:locale\" content=\"en_US\" \/>\n<meta property=\"og:type\" content=\"article\" \/>\n<meta property=\"og:title\" content=\"Misschien wel het gezelligste cafe van Vlieland - Cafe Bruintje\" \/>\n<meta property=\"og:description\" content=\"Geniet van een grote collectie Eiland biertjes in het misschien wel het gezelligste cafe van Vlieland. Op zaterdagen zelfs met DJ Fred.\" \/>\n<meta property=\"og:url\" content=\"https:\/\/badhotelbruin.nl\/en\/cafe-bruintje-vlieland\/\" \/>\n<meta property=\"og:site_name\" content=\"Badhotel Bruin Vlieland\" \/>\n<meta property=\"article:publisher\" content=\"https:\/\/www.facebook.com\/badhotelbruin\" \/>\n<meta property=\"article:modified_time\" content=\"2026-02-27T11:49:02+00:00\" \/>\n<meta property=\"og:image\" content=\"https:\/\/badhotelbruin.nl\/wp-content\/uploads\/2023\/08\/cafe-bruin-vlieland.jpg\" \/>\n\t<meta property=\"og:image:width\" content=\"1196\" \/>\n\t<meta property=\"og:image:height\" content=\"640\" \/>\n\t<meta property=\"og:image:type\" content=\"image\/jpeg\" \/>\n<meta name=\"twitter:card\" content=\"summary_large_image\" \/>\n<meta name=\"twitter:title\" content=\"Misschien wel het gezelligste cafe van Vlieland - Cafe Bruintje\" \/>\n<meta name=\"twitter:description\" content=\"Geniet van een grote collectie Eiland biertjes in het misschien wel het gezelligste cafe van Vlieland. Op zaterdagen zelfs met DJ Fred.\" \/>\n<meta name=\"twitter:image\" content=\"https:\/\/badhotelbruin.nl\/wp-content\/uploads\/2023\/08\/cafe-bruin-vlieland.jpg\" \/>\n<meta name=\"twitter:label1\" content=\"Est. reading time\" \/>\n\t<meta name=\"twitter:data1\" content=\"2 minutes\" \/>\n<script type=\"application\/ld+json\" class=\"yoast-schema-graph\">{\"@context\":\"https:\/\/schema.org\",\"@graph\":[{\"@type\":\"WebPage\",\"@id\":\"https:\/\/badhotelbruin.nl\/en\/cafe-bruintje-vlieland\/\",\"url\":\"https:\/\/badhotelbruin.nl\/en\/cafe-bruintje-vlieland\/\",\"name\":\"Caf\u00e9 Bruintje Vlieland | Bar at Badhotel Bruin\",\"isPartOf\":{\"@id\":\"https:\/\/badhotelbruin.nl\/en\/#website\"},\"primaryImageOfPage\":{\"@id\":\"https:\/\/badhotelbruin.nl\/en\/cafe-bruintje-vlieland\/#primaryimage\"},\"image\":{\"@id\":\"https:\/\/badhotelbruin.nl\/en\/cafe-bruintje-vlieland\/#primaryimage\"},\"thumbnailUrl\":\"https:\/\/badhotelbruin.nl\/wp-content\/uploads\/2026\/01\/Cafe_Bruintje.png\",\"datePublished\":\"2023-01-21T10:00:50+00:00\",\"dateModified\":\"2026-02-27T11:49:02+00:00\",\"description\":\"Looking for a bar in Vlieland. Visit Caf\u00e9 Bruintje for local beers, cocktails and vinyl evenings in a relaxed setting on the Dorpsstraat.\",\"breadcrumb\":{\"@id\":\"https:\/\/badhotelbruin.nl\/en\/cafe-bruintje-vlieland\/#breadcrumb\"},\"inLanguage\":\"en-US\",\"potentialAction\":[{\"@type\":\"ReadAction\",\"target\":[\"https:\/\/badhotelbruin.nl\/en\/cafe-bruintje-vlieland\/\"]}]},{\"@type\":\"ImageObject\",\"inLanguage\":\"en-US\",\"@id\":\"https:\/\/badhotelbruin.nl\/en\/cafe-bruintje-vlieland\/#primaryimage\",\"url\":\"https:\/\/badhotelbruin.nl\/wp-content\/uploads\/2026\/01\/Cafe_Bruintje.png\",\"contentUrl\":\"https:\/\/badhotelbruin.nl\/wp-content\/uploads\/2026\/01\/Cafe_Bruintje.png\",\"width\":750,\"height\":750,\"caption\":\"Vlieland Caf\u00e9 Bruintje Boutique Hotel Bruin\"},{\"@type\":\"BreadcrumbList\",\"@id\":\"https:\/\/badhotelbruin.nl\/en\/cafe-bruintje-vlieland\/#breadcrumb\",\"itemListElement\":[{\"@type\":\"ListItem\",\"position\":1,\"name\":\"Home\",\"item\":\"https:\/\/badhotelbruin.nl\/en\/\"},{\"@type\":\"ListItem\",\"position\":2,\"name\":\"Caf\u00e9 Bruintje Vlieland\"}]},{\"@type\":\"WebSite\",\"@id\":\"https:\/\/badhotelbruin.nl\/en\/#website\",\"url\":\"https:\/\/badhotelbruin.nl\/en\/\",\"name\":\"Badhotel Bruin Vlieland\",\"description\":\"\",\"potentialAction\":[{\"@type\":\"SearchAction\",\"target\":{\"@type\":\"EntryPoint\",\"urlTemplate\":\"https:\/\/badhotelbruin.nl\/en\/?s={search_term_string}\"},\"query-input\":{\"@type\":\"PropertyValueSpecification\",\"valueRequired\":true,\"valueName\":\"search_term_string\"}}],\"inLanguage\":\"en-US\"}]}<\/script>\n<!-- \/ Yoast SEO plugin. -->","yoast_head_json":{"title":"Caf\u00e9 Bruintje Vlieland | Bar at Badhotel Bruin","description":"Looking for a bar in Vlieland. Visit Caf\u00e9 Bruintje for local beers, cocktails and vinyl evenings in a relaxed setting on the Dorpsstraat.","robots":{"index":"index","follow":"follow","max-snippet":"max-snippet:-1","max-image-preview":"max-image-preview:large","max-video-preview":"max-video-preview:-1"},"canonical":"https:\/\/badhotelbruin.nl\/en\/cafe-bruintje-vlieland\/","og_locale":"en_US","og_type":"article","og_title":"Misschien wel het gezelligste cafe van Vlieland - Cafe Bruintje","og_description":"Geniet van een grote collectie Eiland biertjes in het misschien wel het gezelligste cafe van Vlieland. Op zaterdagen zelfs met DJ Fred.","og_url":"https:\/\/badhotelbruin.nl\/en\/cafe-bruintje-vlieland\/","og_site_name":"Badhotel Bruin Vlieland","article_publisher":"https:\/\/www.facebook.com\/badhotelbruin","article_modified_time":"2026-02-27T11:49:02+00:00","og_image":[{"width":1196,"height":640,"url":"https:\/\/badhotelbruin.nl\/wp-content\/uploads\/2023\/08\/cafe-bruin-vlieland.jpg","type":"image\/jpeg"}],"twitter_card":"summary_large_image","twitter_title":"Misschien wel het gezelligste cafe van Vlieland - Cafe Bruintje","twitter_description":"Geniet van een grote collectie Eiland biertjes in het misschien wel het gezelligste cafe van Vlieland. Op zaterdagen zelfs met DJ Fred.","twitter_image":"https:\/\/badhotelbruin.nl\/wp-content\/uploads\/2023\/08\/cafe-bruin-vlieland.jpg","twitter_misc":{"Est. reading time":"2 minutes"},"schema":{"@context":"https:\/\/schema.org","@graph":[{"@type":"WebPage","@id":"https:\/\/badhotelbruin.nl\/en\/cafe-bruintje-vlieland\/","url":"https:\/\/badhotelbruin.nl\/en\/cafe-bruintje-vlieland\/","name":"Caf\u00e9 Bruintje Vlieland | Bar at Badhotel Bruin","isPartOf":{"@id":"https:\/\/badhotelbruin.nl\/en\/#website"},"primaryImageOfPage":{"@id":"https:\/\/badhotelbruin.nl\/en\/cafe-bruintje-vlieland\/#primaryimage"},"image":{"@id":"https:\/\/badhotelbruin.nl\/en\/cafe-bruintje-vlieland\/#primaryimage"},"thumbnailUrl":"https:\/\/badhotelbruin.nl\/wp-content\/uploads\/2026\/01\/Cafe_Bruintje.png","datePublished":"2023-01-21T10:00:50+00:00","dateModified":"2026-02-27T11:49:02+00:00","description":"Looking for a bar in Vlieland. Visit Caf\u00e9 Bruintje for local beers, cocktails and vinyl evenings in a relaxed setting on the Dorpsstraat.","breadcrumb":{"@id":"https:\/\/badhotelbruin.nl\/en\/cafe-bruintje-vlieland\/#breadcrumb"},"inLanguage":"en-US","potentialAction":[{"@type":"ReadAction","target":["https:\/\/badhotelbruin.nl\/en\/cafe-bruintje-vlieland\/"]}]},{"@type":"ImageObject","inLanguage":"en-US","@id":"https:\/\/badhotelbruin.nl\/en\/cafe-bruintje-vlieland\/#primaryimage","url":"https:\/\/badhotelbruin.nl\/wp-content\/uploads\/2026\/01\/Cafe_Bruintje.png","contentUrl":"https:\/\/badhotelbruin.nl\/wp-content\/uploads\/2026\/01\/Cafe_Bruintje.png","width":750,"height":750,"caption":"Vlieland Caf\u00e9 Bruintje Boutique Hotel Bruin"},{"@type":"BreadcrumbList","@id":"https:\/\/badhotelbruin.nl\/en\/cafe-bruintje-vlieland\/#breadcrumb","itemListElement":[{"@type":"ListItem","position":1,"name":"Home","item":"https:\/\/badhotelbruin.nl\/en\/"},{"@type":"ListItem","position":2,"name":"Caf\u00e9 Bruintje Vlieland"}]},{"@type":"WebSite","@id":"https:\/\/badhotelbruin.nl\/en\/#website","url":"https:\/\/badhotelbruin.nl\/en\/","name":"Badhotel Bruin Vlieland","description":"","potentialAction":[{"@type":"SearchAction","target":{"@type":"EntryPoint","urlTemplate":"https:\/\/badhotelbruin.nl\/en\/?s={search_term_string}"},"query-input":{"@type":"PropertyValueSpecification","valueRequired":true,"valueName":"search_term_string"}}],"inLanguage":"en-US"}]}},"_links":{"self":[{"href":"https:\/\/badhotelbruin.nl\/en\/wp-json\/wp\/v2\/pages\/7221","targetHints":{"allow":["GET"]}}],"collection":[{"href":"https:\/\/badhotelbruin.nl\/en\/wp-json\/wp\/v2\/pages"}],"about":[{"href":"https:\/\/badhotelbruin.nl\/en\/wp-json\/wp\/v2\/types\/page"}],"author":[{"embeddable":true,"href":"https:\/\/badhotelbruin.nl\/en\/wp-json\/wp\/v2\/users\/3"}],"replies":[{"embeddable":true,"href":"https:\/\/badhotelbruin.nl\/en\/wp-json\/wp\/v2\/comments?post=7221"}],"version-history":[{"count":4,"href":"https:\/\/badhotelbruin.nl\/en\/wp-json\/wp\/v2\/pages\/7221\/revisions"}],"predecessor-version":[{"id":13179,"href":"https:\/\/badhotelbruin.nl\/en\/wp-json\/wp\/v2\/pages\/7221\/revisions\/13179"}],"wp:featuredmedia":[{"embeddable":true,"href":"https:\/\/badhotelbruin.nl\/en\/wp-json\/wp\/v2\/media\/11853"}],"wp:attachment":[{"href":"https:\/\/badhotelbruin.nl\/en\/wp-json\/wp\/v2\/media?parent=7221"}],"curies":[{"name":"wp","href":"https:\/\/api.w.org\/{rel}","templated":true}]}}